{"id":6,"date":"2022-11-08T08:34:21","date_gmt":"2022-11-08T08:34:21","guid":{"rendered":"https:\/\/abtd.com.tr\/?page_id=6"},"modified":"2022-11-08T08:34:21","modified_gmt":"2022-11-08T08:34:21","slug":"ana-sayfa","status":"publish","type":"page","link":"https:\/\/abtd.com.tr\/","title":{"rendered":"Ana sayfa"},"content":{"rendered":"\n<p>Sitenize ho\u015f geldiniz! Bu sizin ana sayfan\u0131z, ki ziyaret\u00e7ilerinizin \u00e7o\u011fu sitenize geldi\u011finde ilk olarak bu sayfay\u0131 g\u00f6r\u00fcnt\u00fclerler.<\/p>\n","protected":false},"excerpt":{"rendered":"<p>Sitenize ho\u015f geldiniz! Bu sizin ana sayfan\u0131z, ki ziyaret\u00e7ilerinizin \u00e7o\u011fu sitenize geldi\u011finde ilk olarak bu sayfay\u0131 g\u00f6r\u00fcnt\u00fclerler.<\/p>\n","protected":false},"author":1,"featured_media":0,"parent":0,"menu_order":0,"comment_status":"closed","ping_status":"closed","template":"page-templates\/business.php","meta":{"footnotes":""},"class_list":["post-6","page","type-page","status-publish","hentry"],"_links":{"self":[{"href":"https:\/\/abtd.com.tr\/index.php?rest_route=\/wp\/v2\/pages\/6","targetHints":{"allow":["GET"]}}],"collection":[{"href":"https:\/\/abtd.com.tr\/index.php?rest_route=\/wp\/v2\/pages"}],"about":[{"href":"https:\/\/abtd.com.tr\/index.php?rest_route=\/wp\/v2\/types\/page"}],"author":[{"embeddable":true,"href":"https:\/\/abtd.com.tr\/index.php?rest_route=\/wp\/v2\/users\/1"}],"replies":[{"embeddable":true,"href":"https:\/\/abtd.com.tr\/index.php?rest_route=%2Fwp%2Fv2%2Fcomments&post=6"}],"version-history":[{"count":1,"href":"https:\/\/abtd.com.tr\/index.php?rest_route=\/wp\/v2\/pages\/6\/revisions"}],"predecessor-version":[{"id":12,"href":"https:\/\/abtd.com.tr\/index.php?rest_route=\/wp\/v2\/pages\/6\/revisions\/12"}],"wp:attachment":[{"href":"https:\/\/abtd.com.tr\/index.php?rest_route=%2Fwp%2Fv2%2Fmedia&parent=6"}],"curies":[{"name":"wp","href":"https:\/\/api.w.org\/{rel}","templated":true}]}}